{"id":7116,"date":"2021-02-16T15:34:07","date_gmt":"2021-02-16T19:34:07","guid":{"rendered":"https:\/\/pontapora.ms.gov.br\/v2\/?page_id=7116"},"modified":"2025-10-09T15:40:57","modified_gmt":"2025-10-09T19:40:57","slug":"ingresso-de-brasileiros-no-paraguai","status":"publish","type":"page","link":"https:\/\/pontapora.ms.gov.br\/v2\/secretarias\/secretaria-de-desenvolvimento-integrado\/ingresso-de-brasileiros-no-paraguai\/","title":{"rendered":"Ingresso de Brasileiros no Paraguai"},"content":{"rendered":"<div class=\"wpb-content-wrapper\">[vc_section full_width=&#8221;stretch_row_content&#8221; css=&#8221;.vc_custom_1757612024261{margin-top: -40px !important;padding-right: 15px !important;padding-left: 15px !important;}&#8221;]<div id=\"tdi_1\" class=\"tdc-row stretch_row_content\"><div class=\"vc_row tdi_2  wpb_row td-pb-row\" >\n<style scoped>\n\/* custom css - generated by TagDiv Composer *\/\n\n\/* custom css - generated by TagDiv Composer *\/\n.tdi_2,\r\n                .tdi_2 .tdc-columns{\r\n                    min-height: 0;\r\n                }.tdi_2,\r\n\t\t\t\t.tdi_2 .tdc-columns{\r\n\t\t\t\t    display: block;\r\n\t\t\t\t}.tdi_2 .tdc-columns{\r\n\t\t\t\t    width: 100%;\r\n\t\t\t\t}.tdi_2:before,\r\n\t\t\t\t.tdi_2:after{\r\n\t\t\t\t    display: table;\r\n\t\t\t\t}\n<\/style><div class=\"vc_column tdi_4  wpb_column vc_column_container tdc-column td-pb-span12\">\n<style scoped>\n\/* custom css - generated by TagDiv Composer *\/\n\n\/* custom css - generated by TagDiv Composer *\/\n.tdi_4{\r\n                    vertical-align: baseline;\r\n                }.tdi_4 > .wpb_wrapper,\r\n\t\t\t\t.tdi_4 > .wpb_wrapper > .tdc-elements{\r\n\t\t\t\t    display: block;\r\n\t\t\t\t}.tdi_4 > .wpb_wrapper > .tdc-elements{\r\n\t\t\t\t    width: 100%;\r\n\t\t\t\t}.tdi_4 > .wpb_wrapper > .vc_row_inner{\r\n\t\t\t\t    width: auto;\r\n\t\t\t\t}.tdi_4 > .wpb_wrapper{\r\n\t\t\t\t    width: auto;\r\n\t\t\t\t    height: auto;\r\n\t\t\t\t}\n<\/style><div class=\"wpb_wrapper\" >[vc_column_text css=&#8221;&#8221;]\n      <style>\n\n      @font-face {\n            font-family: \"ArboriaLight\"; \n            src: url(\"https:\/\/pontapora.ms.gov.br\/v2\/wp-content\/uploads\/2025\/08\/Arboria-Light.woff\") format(\"woff\");\n      }\n\n      @font-face {\n            font-family: \"ArboriaBlack\"; \n            src: url(\"https:\/\/pontapora.ms.gov.br\/v2\/wp-content\/uploads\/2025\/08\/Arboria-Black.woff\") format(\"woff\");\n      }\n\n      .fonteArboriaLight {\n            font-family: \"ArboriaLight\", sans-serif !important;\n      }\n      <\/style>\n      \n      \n      <div class=\"col-12 col-md-12 col-lg-12 float-left p-2 fonteArboriaLight\" style=\"border-bottom: 1px solid #052f66; margin-bottom: 30px; font-size:2rem; color: #052f66\">\n      <strong>Ingresso de Brasileiros no Paraguai<\/strong>\n      <\/div>\n      [\/vc_column_text][vc_column_text css=&#8221;.vc_custom_1756407535132{margin-top: -30px !important;margin-bottom: 0px !important;}&#8221;]<span style=\"color: #808080; font-size:12px\">Voc\u00ea est\u00e1 acessando: <a href=\"\/v2\/\"><span style=\"color: #808080;\">Home<\/span><\/a> &gt;&nbsp;<a href=\"https:\/\/pontapora.ms.gov.br\/v2\/secretarias\/\"><span style=\"color: #808080;\">Secretarias<\/span><\/a> &gt;&nbsp;<a href=\"https:\/\/pontapora.ms.gov.br\/v2\/secretarias\/secretaria-de-desenvolvimento-integrado\/\"><span style=\"color: #808080;\">Desenvolvimento Integrado<\/span><\/a> &gt;&nbsp;<strong>Ingresso de Brasileiros no Paraguai<\/strong><\/span><br \/>[\/vc_column_text]<div class=\"wpb_wrapper td_block_empty_space td_block_wrap vc_empty_space tdi_6 \"  style=\"height: 60px\"><\/div><\/div><\/div><\/div><\/div><div id=\"tdi_7\" class=\"tdc-row stretch_row_content\"><div class=\"vc_row tdi_8  wpb_row td-pb-row\" >\n<style scoped>\n\/* custom css - generated by TagDiv Composer *\/\n\n\/* custom css - generated by TagDiv Composer *\/\n.tdi_8,\r\n                .tdi_8 .tdc-columns{\r\n                    min-height: 0;\r\n                }.tdi_8,\r\n\t\t\t\t.tdi_8 .tdc-columns{\r\n\t\t\t\t    display: block;\r\n\t\t\t\t}.tdi_8 .tdc-columns{\r\n\t\t\t\t    width: 100%;\r\n\t\t\t\t}.tdi_8:before,\r\n\t\t\t\t.tdi_8:after{\r\n\t\t\t\t    display: table;\r\n\t\t\t\t}\n<\/style><div class=\"vc_column tdi_10  wpb_column vc_column_container tdc-column td-pb-span12\">\n<style scoped>\n\/* custom css - generated by TagDiv Composer *\/\n\n\/* custom css - generated by TagDiv Composer *\/\n.tdi_10{\r\n                    vertical-align: baseline;\r\n                }.tdi_10 > .wpb_wrapper,\r\n\t\t\t\t.tdi_10 > .wpb_wrapper > .tdc-elements{\r\n\t\t\t\t    display: block;\r\n\t\t\t\t}.tdi_10 > .wpb_wrapper > .tdc-elements{\r\n\t\t\t\t    width: 100%;\r\n\t\t\t\t}.tdi_10 > .wpb_wrapper > .vc_row_inner{\r\n\t\t\t\t    width: auto;\r\n\t\t\t\t}.tdi_10 > .wpb_wrapper{\r\n\t\t\t\t    width: auto;\r\n\t\t\t\t    height: auto;\r\n\t\t\t\t}\n<\/style><div class=\"wpb_wrapper\" >[vc_column_text]O brasileiro que viaja ao Paraguai a turismo ou neg\u00f3cios (sem exercer atividade remunerada) n\u00e3o necessita de visto para ingressar no pa\u00eds, bastando apresentar seu passaporte brasileiro v\u00e1lido ou c\u00e9dula de identidade (RG) \u00e0 autoridade migrat\u00f3ria.\r\n\r\nA autoridade migrat\u00f3ria dever\u00e1 apor carimbo de entrada no passaporte. No caso de apresenta\u00e7\u00e3o de c\u00e9dula de identidade (RG), esse carimbo ser\u00e1 aposto em formul\u00e1rio \u00e0 parte, intitulado Boleta de Entrada y Salida de Extranjeros al Pais. A boleta \u00e9 documento individual e deve ser carimbada e entregue, pelo funcion\u00e1rio da Imigra\u00e7\u00e3o paraguaia, no momento da entrada, a todos os brasileiros que ingressam no pa\u00eds com RG, incluindo menores de idade.\r\n\r\n<strong>Aten\u00e7\u00e3o:<\/strong> a sa\u00edda do territ\u00f3rio paraguaio tamb\u00e9m dever\u00e1 ser registrada, seja no passaporte brasileiro, seja na boleta em que foi carimbada a entrada. Aten\u00e7\u00e3o para n\u00e3o perd\u00ea-la, porquanto dever\u00e1 ser restitu\u00edda \u00e0s autoridades migrat\u00f3rias na sa\u00edda do pa\u00eds.\r\n\r\nO prazo de perman\u00eancia do turista brasileiro no Paraguai \u00e9 de at\u00e9 90 dias, prorrog\u00e1veis por igual per\u00edodo. Contudo, a autoridade respons\u00e1vel (Direcci\u00f3n General de Migraciones) \u00e9 soberana para decidir sobre a entrada e o prazo de perman\u00eancia de brasileiros ou quaisquer estrangeiros no Paraguai, n\u00e3o cabendo interfer\u00eancia consular a esse respeito.\r\n\r\n<strong>FONTE:<\/strong> Minist\u00e9rio das Rela\u00e7\u00f5es Exteriores \u2013 Consulado-Geral do Brasil em Assun\u00e7\u00e3o. Dispon\u00edvel em: <a href=\"http:\/\/cgassuncao.itamaraty.gov.br\/pt-br\/ingresso_de_brasileiros_no_paraguai.xml\">http:\/\/cgassuncao.itamaraty.gov.br\/pt-br\/ingresso_de_brasileiros_no_paraguai.xml<\/a>[\/vc_column_text]<div class=\"wpb_wrapper td_block_empty_space td_block_wrap vc_empty_space tdi_12 \"  style=\"height: 50px\"><\/div>[vc_column_text css=&#8221;&#8221;]\n      <div class=\"col-12 col-md-12 col-lg-12 float-left p-2 fonteArboriaLight\" style=\"border-bottom: 1px solid #077dc6; margin-bottom: 30px; font-size:1.6rem; color: #077dc6\">\n      <strong>Ingresso no Paraguai com autom\u00f3veis<\/strong>\n      <\/div>\n      [\/vc_column_text]<div class=\"wpb_wrapper td_block_empty_space td_block_wrap vc_empty_space tdi_14 \"  style=\"height: 30px\"><\/div>[vc_column_text]Todas as informa\u00e7\u00f5es acima tamb\u00e9m s\u00e3o v\u00e1lidas para os turistas brasileiros que ingressam no Paraguai com seus autom\u00f3veis de passeio. Al\u00e9m do passaporte ou RG, o motorista dever\u00e1 estar munido de:\r\n<ul>\r\n \t<li>Carteira Nacional de Habilita\u00e7\u00e3o brasileira v\u00e1lida;<\/li>\r\n \t<li>Documento brasileiro de propriedade do ve\u00edculo (Certificado de Registro e Licenciamento do Ve\u00edculo &#8211; CRLV);<\/li>\r\n \t<li>Seguro Internacional (o seguro dever\u00e1 oferecer cobertura no Paraguai\/Mercosul).<\/li>\r\n<\/ul>\r\nO ve\u00edculo deve estar em condi\u00e7\u00f5es t\u00e9cnicas adequadas de uso e conter itens de seguran\u00e7a, tais como: cintos de seguran\u00e7a para todos os passageiros, tri\u00e2ngulos (dois); extintor de inc\u00eandio v\u00e1lido; macaco, pneu estepe, kit de primeiros socorros. Recomenda-se que tamb\u00e9m mantenha no ve\u00edculo um len\u00e7ol branco (a t\u00edtulo de s\u00e1bana mortu\u00e1ria) e uma barra de reboque.\r\n\r\nPara informa\u00e7\u00f5es, turistas brasileiros no Paraguai podem contatar a Secretaria Nacional de Turismo, telefone (021) 494-110, de 07 \u00e0s 19 horas. De segunda-feira a domingo.\r\n\r\nOu acessar: <a href=\"http:\/\/www.portalconsular.itamaraty.gov.br\/seu-destino\/paraguai\">http:\/\/www.portalconsular.itamaraty.gov.br\/seu-destino\/paraguai<\/a>\r\n\r\nEM CASO DE ACIDENTE NO PARAGUAI, LIGUE 911, GRATUITAMENTE, DE QUALQUER APARELHO TELEF\u00d4NICO. EM CASO DE DEN\u00daNCIA OU RECLAMA\u00c7\u00c3O, O MESMO N\u00daMERO PODE SER UTILIZADO.\r\n\r\n<strong>FONTE:<\/strong> Minist\u00e9rio das Rela\u00e7\u00f5es Exteriores \u2013 Consulado-Geral do Brasil em Assun\u00e7\u00e3o. Dispon\u00edvel em: <a href=\"http:\/\/cgassuncao.itamaraty.gov.br\/pt-br\/ingresso_de_brasileiros_no_paraguai.xml\">http:\/\/cgassuncao.itamaraty.gov.br\/pt-br\/ingresso_de_brasileiros_no_paraguai.xml<\/a>[\/vc_column_text]<div class=\"wpb_wrapper td_block_empty_space td_block_wrap vc_empty_space tdi_16 \"  style=\"height: 50px\"><\/div>[vc_column_text css=&#8221;&#8221;]\n      <div class=\"col-12 col-md-12 col-lg-12 float-left p-2 fonteArboriaLight\" style=\"border-bottom: 1px solid #077dc6; margin-bottom: 30px; font-size:1.6rem; color: #077dc6\">\n      <strong>INGRESSO NO PARAGUAI EM TEMPOS DE PANDEMIA<\/strong>\n      <\/div>\n      [\/vc_column_text]<div class=\"wpb_wrapper td_block_empty_space td_block_wrap vc_empty_space tdi_18 \"  style=\"height: 30px\"><\/div>[vc_column_text css=&#8221;&#8221;]\n      <div class=\"col-12 col-md-12 col-lg-12 float-left p-2 fonteArboriaLight\" style=\"border-bottom: 1px solid #077dc6; margin-bottom: 30px; font-size:1.6rem; color: #077dc6\">\n      <strong>Exig\u00eancias sanit\u00e1rias para estrangeiros<\/strong>\n      <\/div>\n      [\/vc_column_text]<div class=\"wpb_wrapper td_block_empty_space td_block_wrap vc_empty_space tdi_20 \"  style=\"height: 30px\"><\/div>[vc_column_text]\r\n<ol>\r\n \t<li>Completar a Ficha de Declara\u00e7\u00e3o de Sa\u00fade do viajante dentro das 24 horas previas ao ingresso ao pa\u00eds. A ficha se encontra dispon\u00edvel no seguinte link <a href=\"http:\/\/www.vigisalud.gov.py\/dvcf\">http:\/\/www.vigisalud.gov.py\/dvcf<\/a>.<\/li>\r\n \t<li>Crian\u00e7as maiores de 10 anos completos, que ingressam no pa\u00eds devem apresentar um teste (T\u00e9cnicas de Detec\u00e7\u00e3o de ARN: RT-PCR \/ LAMP \/ NAAT) com resultado negativo, realizado em um tempo superior a 72 horas antes do embarque. N\u00e3o s\u00e3o aceitas provas por ant\u00edgenos ou anticorpos.<\/li>\r\n \t<li>Contar com seguro m\u00e9dico internacional para a COVID-19, (s\u00e3o exce\u00e7\u00f5es filhos de estrangeiros, com at\u00e9 18 anos cumpridos, de pai ou m\u00e3e de nacionalidade paraguaia).<\/li>\r\n \t<li>Cidad\u00e3os residentes em pa\u00edses do Mercosul e pa\u00edses associados ficar\u00e3o isentos de apresentar o seguro m\u00e9dico internacional para COVID-19.<\/li>\r\n \t<li>As pessoas que apresentaram a doen\u00e7a Covid-19, de 14 a 90 dias antes de entrar no pa\u00eds, devem comprovar esta situa\u00e7\u00e3o atrav\u00e9s de resultados laboratoriais (T\u00e9cnicas de Detec\u00e7\u00e3o de ARN: RT-PCR \/ LAMP \/ NAAT), e n\u00e3o ser\u00e1 necess\u00e1ria a apresenta\u00e7\u00e3o de uma nova prova.<\/li>\r\n<\/ol>\r\n<strong>PARA MAIORES INFORMA\u00c7\u00d5ES:<\/strong> <a href=\"https:\/\/www.mspbs.gov.py\/covid-19.php\">https:\/\/www.mspbs.gov.py\/covid-19.php<\/a>\r\n\r\n<strong>FONTE:<\/strong> Protocolo Sanitario de Terminales, Terminales, Transporte de Pasajeros Terrestre Internacional (Omnibus, Vehiculos Particulares y Privados). Minist\u00e9rio da Sa\u00fade P\u00fablica e Bem Estar Social do Paraguai, 2020. Dispon\u00edvel em: <a href=\"https:\/\/www.mspbs.gov.py\/index.php\">https:\/\/www.mspbs.gov.py\/index.php<\/a>[\/vc_column_text]<div class=\"wpb_wrapper td_block_empty_space td_block_wrap vc_empty_space tdi_22 \"  style=\"height: 50px\"><\/div>[vc_column_text css=&#8221;&#8221;]\n      <div class=\"col-12 col-md-12 col-lg-12 float-left p-2 fonteArboriaLight\" style=\"border-bottom: 1px solid #077dc6; margin-bottom: 30px; font-size:1.6rem; color: #077dc6\">\n      <strong>Exig\u00eancias sanit\u00e1rias para nacionais e residentes estrangeiros no pa\u00eds<\/strong>\n      <\/div>\n      [\/vc_column_text]<div class=\"wpb_wrapper td_block_empty_space td_block_wrap vc_empty_space tdi_24 \"  style=\"height: 30px\"><\/div>[vc_column_text]\r\n<ol>\r\n \t<li>Completar a Ficha de Declara\u00e7\u00e3o de Sa\u00fade do viajante dentro das 24 horas previas ao ingresso ao pa\u00eds. A ficha se encontra dispon\u00edvel no seguinte link <a href=\"http:\/\/www.vigisalud.gov.py\/dvcf\">http:\/\/www.vigisalud.gov.py\/dvcf<\/a>.<\/li>\r\n \t<li>Crian\u00e7as maiores de 10 anos completos, que ingressam no pa\u00eds devem apresentar um teste (T\u00e9cnicas de Detec\u00e7\u00e3o de ARN: RT-PCR \/ LAMP \/ NAAT) com resultado negativo, realizado em um tempo superior a 72 horas antes do embarque. N\u00e3o s\u00e3o aceitas provas por ant\u00edgenos ou anticorpos.<\/li>\r\n \t<li>As pessoas que apresentaram a doen\u00e7a Covid-19, de 14 a 90 dias antes de entrar no pa\u00eds, devem comprovar esta situa\u00e7\u00e3o atrav\u00e9s de resultados laboratoriais (T\u00e9cnicas de Detec\u00e7\u00e3o de ARN: RT-PCR \/ LAMP \/ NAAT), e n\u00e3o ser\u00e1 necess\u00e1ria a apresenta\u00e7\u00e3o de uma nova prova.<\/li>\r\n<\/ol>\r\n<strong>PARA MAIORES INFORMA\u00c7\u00d5ES:<\/strong> <a href=\"https:\/\/www.mspbs.gov.py\/covid-19.php\">https:\/\/www.mspbs.gov.py\/covid-19.php<\/a>\r\n\r\n<strong>FONTE:<\/strong> Protocolo Sanitario de Terminales, Terminales, Transporte de Pasajeros Terrestre Internacional (Omnibus, Vehiculos Particulares y Privados). Minist\u00e9rio da Sa\u00fade P\u00fablica e Bem Estar Social do Paraguai, 2020. Dispon\u00edvel em: <a href=\"https:\/\/www.mspbs.gov.py\/index.php\">https:\/\/www.mspbs.gov.py\/index.php<\/a>[\/vc_column_text]<div class=\"wpb_wrapper td_block_empty_space td_block_wrap vc_empty_space tdi_26 \"  style=\"height: 50px\"><\/div>[vc_column_text css=&#8221;&#8221;]\n      <div class=\"col-12 col-md-12 col-lg-12 float-left p-2 fonteArboriaLight\" style=\"border-bottom: 1px solid #077dc6; margin-bottom: 30px; font-size:1.6rem; color: #077dc6\">\n      <strong>Procedimentos de travessias em fronteiras terrestres<\/strong>\n      <\/div>\n      [\/vc_column_text]<div class=\"wpb_wrapper td_block_empty_space td_block_wrap vc_empty_space tdi_28 \"  style=\"height: 30px\"><\/div>[vc_column_text]\r\n<ol>\r\n \t<li>O motorista e o auxiliar de tripula\u00e7\u00e3o dever\u00e3o entregar ao pessoal do Controle Sanit\u00e1rio a lista de passageiros onde este deve constar o nome e sobrenome, n\u00famero de telefone, cidade ou distrito onde este permanecer\u00e1 no pa\u00eds.<\/li>\r\n \t<li>DINATRAN verificar\u00e1 se o \u00f4nibus est\u00e1 cumprindo a normativa de n\u00e3o levar passageiro em p\u00e9.<\/li>\r\n \t<li>Todos os viajantes e tripula\u00e7\u00e3o passar\u00e3o por um controle a cargo dos funcion\u00e1rios do Controle Sanit\u00e1rio.<\/li>\r\n \t<li>Todos devem apresentar seu c\u00f3digo QR e a documenta\u00e7\u00e3o sanit\u00e1ria requerida para o ingresso ao pa\u00eds.<\/li>\r\n \t<li>Viajantes que n\u00e3o tenham o c\u00f3digo QR poder\u00e3o utilizar a ficha de declara\u00e7\u00e3o de sa\u00fade de viajante nos postos fronteiri\u00e7os.<\/li>\r\n \t<li>Uma vez que passem pelos tramites de controle de sa\u00fade, estes ser\u00e3o encaminhados para realizarem os tramites migrat\u00f3rios.<\/li>\r\n \t<li>Viajantes que n\u00e3o tenham a documenta\u00e7\u00e3o sanit\u00e1ria requerida n\u00e3o poder\u00e3o realizar os tramites migrat\u00f3rios e ficam impedidos de ingressar no pa\u00eds.<\/li>\r\n \t<li>Diante de um caso suspeito de COVID-19 se proceder\u00e1 de acordo com o Manual de Procedimentos Ante Emergenciais de Sa\u00fade P\u00fablica em travessias fronteiri\u00e7as.<\/li>\r\n<\/ol>\r\nDiante de qualquer sintoma compat\u00edvel com COVID-19 durante sua estadia no pa\u00eds, este dever\u00e1 comunicar ao Centro de Chamadas da COVID-19 pelo n\u00famero <strong>154<\/strong>, para receber as instru\u00e7\u00f5es normativas.\r\n\r\n<strong>PARA MAIORES INFORMA\u00c7\u00d5ES:<\/strong> <a href=\"https:\/\/www.mspbs.gov.py\/covid-19.php\">https:\/\/www.mspbs.gov.py\/covid-19.php<\/a>\r\n\r\n<strong>FONTE:<\/strong> Protocolo Sanitario de Terminales, Terminales, Transporte de Pasajeros Terrestre Internacional (Omnibus, Vehiculos Particulares y Privados). Minist\u00e9rio da Sa\u00fade P\u00fablica e Bem Estar Social do Paraguai, 2020. Dispon\u00edvel em: <a href=\"https:\/\/www.mspbs.gov.py\/index.php\">https:\/\/www.mspbs.gov.py\/index.php<\/a>[\/vc_column_text]<div class=\"wpb_wrapper td_block_empty_space td_block_wrap vc_empty_space tdi_30 \"  style=\"height: 50px\"><\/div><\/div><\/div><\/div><\/div>[\/vc_section]<\/div>","protected":false},"excerpt":{"rendered":"<p>[vc_section full_width=&#8221;stretch_row_content&#8221; css=&#8221;.vc_custom_1757612024261{margin-top: -40px !important;padding-right: 15px !important;padding-left: 15px !important;}&#8221;][\/vc_section]<\/p>\n","protected":false},"author":1,"featured_media":0,"parent":142,"menu_order":0,"comment_status":"closed","ping_status":"closed","template":"","meta":{"ngg_post_thumbnail":0,"footnotes":""},"class_list":["post-7116","page","type-page","status-publish","hentry"],"_links":{"self":[{"href":"https:\/\/pontapora.ms.gov.br\/v2\/wp-json\/wp\/v2\/pages\/7116","targetHints":{"allow":["GET"]}}],"collection":[{"href":"https:\/\/pontapora.ms.gov.br\/v2\/wp-json\/wp\/v2\/pages"}],"about":[{"href":"https:\/\/pontapora.ms.gov.br\/v2\/wp-json\/wp\/v2\/types\/page"}],"author":[{"embeddable":true,"href":"https:\/\/pontapora.ms.gov.br\/v2\/wp-json\/wp\/v2\/users\/1"}],"replies":[{"embeddable":true,"href":"https:\/\/pontapora.ms.gov.br\/v2\/wp-json\/wp\/v2\/comments?post=7116"}],"version-history":[{"count":12,"href":"https:\/\/pontapora.ms.gov.br\/v2\/wp-json\/wp\/v2\/pages\/7116\/revisions"}],"predecessor-version":[{"id":19006,"href":"https:\/\/pontapora.ms.gov.br\/v2\/wp-json\/wp\/v2\/pages\/7116\/revisions\/19006"}],"up":[{"embeddable":true,"href":"https:\/\/pontapora.ms.gov.br\/v2\/wp-json\/wp\/v2\/pages\/142"}],"wp:attachment":[{"href":"https:\/\/pontapora.ms.gov.br\/v2\/wp-json\/wp\/v2\/media?parent=7116"}],"curies":[{"name":"wp","href":"https:\/\/api.w.org\/{rel}","templated":true}]}}