{"id":7636,"date":"2021-06-14T14:30:37","date_gmt":"2021-06-14T18:30:37","guid":{"rendered":"https:\/\/pontapora.ms.gov.br\/v2\/?page_id=7636"},"modified":"2021-06-14T14:33:59","modified_gmt":"2021-06-14T18:33:59","slug":"ppa-plano-plurianual-2022-2025","status":"publish","type":"page","link":"https:\/\/pontapora.ms.gov.br\/v2\/ppa-plano-plurianual-2022-2025\/","title":{"rendered":"PPA \u2013 PLANO PLURIANUAL 2022 &#8211; 2025"},"content":{"rendered":"<p>Em conson\u00e2ncia com o compromisso de ampliar e refor\u00e7ar os mecanismos de participa\u00e7\u00e3o popular na discuss\u00e3o de assuntos de interesse social, a administra\u00e7\u00e3o do executivo municipal convoca a popula\u00e7\u00e3o em geral e tamb\u00e9m os representantes da sociedade civil organizada, para participarem do processo de elabora\u00e7\u00e3o de propostas ao novo Plano Plurianual.<\/p>\n<p>Essa ferramenta democr\u00e1tica de participa\u00e7\u00e3o possibilita a inclus\u00e3o de propostas que ser\u00e3o analisadas pela equipe de elabora\u00e7\u00e3o do PPA, possibilitando, assim, mensurar os anseios da comunidade diante dos diversos assuntos que envolvem a elabora\u00e7\u00e3o do Plano Plurianual.<\/p>\n<p>Por isso, convidamos toda a comunidade de Ponta Por\u00e3 a apresentar suas propostas, aprofundando ou aperfei\u00e7oando o nosso Plano de Governo.&nbsp;<\/p>\n<p>&nbsp;<\/p>\n<p style=\"text-align: right;\"><strong>H\u00e9lio Peluffo Filho<\/strong><br \/>\nPrefeito Municipal<\/p>\n<p>&nbsp;<\/p>\n<script language=\"JavaScript\" src=\"https:\/\/pontapora.ms.gov.br\/v2\/wp-content\/plugins\/PMPontaPora2021\/js\/PMPPPlanoPlurianual20222025.js?v=1.03\"><\/script><div id=\"DivBotao\" name=\"DivBotao\" style=\"display:inline\"><div class=\"lgc-column lgc-grid-parent lgc-grid-100 lgc-tablet-grid-100 lgc-mobile-grid-100 lgc-equal-heights\" style=\"text-align: center; background-color: \"><div class=\"inside-grid-column\"><button type=\"button\" class=\"btn btn-primary btn-lg\" onclick=\"ClickBotaoFormulario()\">Clique e envie uma sugest\u00e3o<\/button><\/div><\/div><\/div><div id=\"DivFormulario\" name=\"DivFormulario\" style=\"display:none; font-size:16px\"><form id=\"form\" name=\"form\" method=\"post\" action=\"\/v2\/ppa-plano-plurianual-2022-2025\/\"><div class=\"lgc-column lgc-grid-parent lgc-grid-40 lgc-tablet-grid-40 lgc-mobile-grid-100 lgc-equal-heights\" style=\"text-align: left; background-color: \"><div class=\"inside-grid-column\">Nome: <br \/>\r\n      <input type=\"text\" name=\"Nome\" id=\"Nome\" style=\"font-size:18px; padding: 20px\"><\/div><\/div><div class=\"lgc-column lgc-grid-parent lgc-grid-30 lgc-tablet-grid-30 lgc-mobile-grid-100 lgc-equal-heights\" style=\"text-align: left; background-color: \"><div class=\"inside-grid-column\">E-mail: <br \/>\r\n      <input type=\"text\" name=\"Email\" id=\"Email\" style=\"font-size:18px; padding: 20px\"><\/div><\/div><div class=\"lgc-column lgc-grid-parent lgc-grid-30 lgc-tablet-grid-30 lgc-mobile-grid-100 lgc-equal-heights\" style=\"text-align: left; background-color: \"><div class=\"inside-grid-column\">Telefone: <br \/>\r\n      <input type=\"text\" name=\"Telefone\" id=\"Telefone\" class=\"phone\" style=\"font-size:18px; padding: 20px\"><\/div><\/div><div class=\"lgc-clear\"><\/div><div class=\"lgc-column lgc-grid-parent lgc-grid-50 lgc-tablet-grid-50 lgc-mobile-grid-100 lgc-equal-heights\" style=\"text-align: left; background-color: \"><div class=\"inside-grid-column\">Bairro: <br \/>\r\n      <input type=\"text\" name=\"Bairro\" id=\"Bairro\" style=\"font-size:18px; padding: 20px\"><\/div><\/div><div class=\"lgc-column lgc-grid-parent lgc-grid-50 lgc-tablet-grid-50 lgc-mobile-grid-100 lgc-equal-heights\" style=\"text-align: left; background-color: \"><div class=\"inside-grid-column\">Cidade\/Estado: <br \/>\r\n      <input type=\"text\" name=\"CidadeEstado\" id=\"CidadeEstado\" style=\"font-size:18px; padding: 20px\" readonly=\"readonly\" value=\"Ponta Por\u00e3\/MS\"><\/div><\/div><div class=\"lgc-column lgc-grid-parent lgc-grid-40 lgc-tablet-grid-40 lgc-mobile-grid-100 lgc-equal-heights\" style=\"text-align: left; background-color: \"><div class=\"inside-grid-column\">Entidade: <br \/>\r\n      <input type=\"text\" name=\"Entidade\" id=\"Entidade\" style=\"font-size:18px; padding: 20px\"><\/div><\/div><div class=\"lgc-column lgc-grid-parent lgc-grid-30 lgc-tablet-grid-30 lgc-mobile-grid-100 lgc-equal-heights\" style=\"text-align: left; background-color: \"><div class=\"inside-grid-column\">CNPJ: <br \/>\r\n      <input type=\"text\" name=\"EntidadeCNPJ\" id=\"EntidadeCNPJ\" class=\"cnpj\" style=\"font-size:18px; padding: 20px\"><\/div><\/div><div class=\"lgc-column lgc-grid-parent lgc-grid-30 lgc-tablet-grid-30 lgc-mobile-grid-100 lgc-equal-heights\" style=\"text-align: left; background-color: \"><div class=\"inside-grid-column\">Cargo: <br \/>\r\n      <input type=\"text\" name=\"EntidadeCargo\" id=\"EntidadeCargo\" style=\"font-size:18px; padding: 20px\"><\/div><\/div><div class=\"lgc-clear\"><\/div><div class=\"lgc-column lgc-grid-parent lgc-grid-100 lgc-tablet-grid-100 lgc-mobile-grid-100 lgc-equal-heights\" style=\"text-align: left; background-color: \"><div class=\"inside-grid-column\"><br \/><\/div><\/div><div class=\"lgc-column lgc-grid-parent lgc-grid-100 lgc-tablet-grid-100 lgc-mobile-grid-100 lgc-equal-heights\" style=\"text-align: left; background-color: \"><div class=\"inside-grid-column\">Tema<br \/>\r\n      <select name=\"Tema\" id=\"Tema\" style=\"font-size:18px; padding: 10px; width:100%\">\r\n      <option value=\"\" selected>Selecione<\/option>\r\n      <option value=\"Atender Bem ao Cidad\u00e3o\">Atender Bem ao Cidad\u00e3o<\/option>\r\n      <option value=\"Conjuntura Econ\u00f4mica, Gest\u00e3o e Austeridade\">Conjuntura Econ\u00f4mica, Gest\u00e3o e Austeridade<\/option>\r\n      <option value=\"Defesa dos Animais\">Defesa dos Animais<\/option>\r\n      <option value=\"Desenvolvimento Econ\u00f4mico\">Desenvolvimento Econ\u00f4mico<\/option>\r\n      <option value=\"Educa\u00e7\u00e3o e Cultura\">Educa\u00e7\u00e3o e Cultura<\/option>\r\n      <option value=\"Esporte, Lazer e Turismo\">Esporte, Lazer e Turismo<\/option>\r\n      <option value=\"Gera\u00e7\u00e3o de Emprego e Renda\">Gera\u00e7\u00e3o de Emprego e Renda<\/option>\r\n      <option value=Habita\u00e7\u00e3o>Habita\u00e7\u00e3o<\/option>\r\n      <option value=\"Infraestrutura Urbana\">Infraestrutura Urbana<\/option>\r\n      <option value=\"Investimentos Sociais com Incentivos Fiscais\">Investimentos Sociais com Incentivos Fiscais<\/option>\r\n      <option value=\"Mobilidade Urbana\">Mobilidade Urbana<\/option>\r\n      <option value=\"Programa de Regulariza\u00e7\u00e3o de \u00c1reas\">Programa de Regulariza\u00e7\u00e3o de \u00c1reas<\/option>\r\n      <option value=\"Projetos Especiais\">Projetos Especiais<\/option>\r\n      <option value=\"Promo\u00e7\u00e3o Social\">Promo\u00e7\u00e3o Social<\/option>\r\n      <option value=\"Saneamento e Meio Ambiente - \u00c1reas Verdes\">Saneamento e Meio Ambiente - \u00c1reas Verdes<\/option>\r\n      <option value=Sa\u00fade>Sa\u00fade<\/option>\r\n      <option value=Seguran\u00e7a>Seguran\u00e7a<\/option>\r\n      <option value=\"Transpar\u00eancia e Participa\u00e7\u00e3o Popular\">Transpar\u00eancia e Participa\u00e7\u00e3o Popular<\/option>\r\n      <option value=Outros>Outros<\/option>\r\n      <\/select><\/div><\/div><div class=\"lgc-column lgc-grid-parent lgc-grid-100 lgc-tablet-grid-100 lgc-mobile-grid-100 lgc-equal-heights\" style=\"text-align: left; background-color: \"><div class=\"inside-grid-column\">Sua Proposta<br \/>\r\n      <textarea id=\"Proposta\" name=\"Proposta\" style=\"width:100%; height:100px; font-size:18px; padding: 20px\"><\/textarea><\/div><\/div><div class=\"lgc-column lgc-grid-parent lgc-grid-100 lgc-tablet-grid-100 lgc-mobile-grid-100 lgc-equal-heights\" style=\"text-align: left; background-color: \"><div class=\"inside-grid-column\"><button type=\"button\" class=\"btn btn-success btn-lg\" onclick=\"EnviarPlanoPlurianual20222025()\">Enviar Informa\u00e7\u00f5es<\/button><\/div><\/div><\/form><\/div><div class=\"lgc-column lgc-grid-parent lgc-grid-100 lgc-tablet-grid-100 lgc-mobile-grid-100 lgc-equal-heights\" style=\"text-align: left; background-color: \"><div class=\"inside-grid-column\"><br \/><br \/><br \/><\/div><\/div>\n","protected":false},"excerpt":{"rendered":"<p>Em conson\u00e2ncia com o compromisso de ampliar e refor\u00e7ar os mecanismos de participa\u00e7\u00e3o popular na discuss\u00e3o de assuntos de interesse social, a administra\u00e7\u00e3o do executivo municipal convoca a popula\u00e7\u00e3o em geral e tamb\u00e9m os representantes da sociedade civil organizada, para participarem do processo de elabora\u00e7\u00e3o de propostas ao novo Plano Plurianual. Essa ferramenta democr\u00e1tica de [&hellip;]<\/p>\n","protected":false},"author":1,"featured_media":0,"parent":0,"menu_order":0,"comment_status":"closed","ping_status":"closed","template":"","meta":{"ngg_post_thumbnail":0,"footnotes":""},"class_list":["post-7636","page","type-page","status-publish","hentry"],"_links":{"self":[{"href":"https:\/\/pontapora.ms.gov.br\/v2\/wp-json\/wp\/v2\/pages\/7636","targetHints":{"allow":["GET"]}}],"collection":[{"href":"https:\/\/pontapora.ms.gov.br\/v2\/wp-json\/wp\/v2\/pages"}],"about":[{"href":"https:\/\/pontapora.ms.gov.br\/v2\/wp-json\/wp\/v2\/types\/page"}],"author":[{"embeddable":true,"href":"https:\/\/pontapora.ms.gov.br\/v2\/wp-json\/wp\/v2\/users\/1"}],"replies":[{"embeddable":true,"href":"https:\/\/pontapora.ms.gov.br\/v2\/wp-json\/wp\/v2\/comments?post=7636"}],"version-history":[{"count":3,"href":"https:\/\/pontapora.ms.gov.br\/v2\/wp-json\/wp\/v2\/pages\/7636\/revisions"}],"predecessor-version":[{"id":7639,"href":"https:\/\/pontapora.ms.gov.br\/v2\/wp-json\/wp\/v2\/pages\/7636\/revisions\/7639"}],"wp:attachment":[{"href":"https:\/\/pontapora.ms.gov.br\/v2\/wp-json\/wp\/v2\/media?parent=7636"}],"curies":[{"name":"wp","href":"https:\/\/api.w.org\/{rel}","templated":true}]}}